{"id":233,"date":"2025-12-05T12:37:50","date_gmt":"2025-12-05T10:37:50","guid":{"rendered":"https:\/\/godojo.ro\/?page_id=233"},"modified":"2025-12-06T11:09:06","modified_gmt":"2025-12-06T09:09:06","slug":"arta-go-ului","status":"publish","type":"page","link":"https:\/\/godojo.ro\/index.php\/arta-go-ului\/","title":{"rendered":"Arta Go-ului"},"content":{"rendered":"\n<p style=\"font-size:16px\"><em>Tu\u0219, linii, compozi\u021bii, imagini inspirate de ritmul jocului. Go-ul a devenit surs\u0103 de expresie pentru arti\u0219ti din culturi \u0219i epoci diferite. Aici, estetica devine un mod de a \u00een\u021belege jocul dincolo de strategie \u2014 ca gest creativ, form\u0103 \u0219i sensibilitate.<\/em><\/p>\n\n\n<ul class=\"wp-block-latest-posts__list has-dates has-author wp-block-latest-posts\"><li><a class=\"wp-block-latest-posts__post-title\" href=\"https:\/\/godojo.ro\/index.php\/2025\/12\/05\/ce-inseamna-frumusete-in-go\/\">Ce \u00eenseamn\u0103 frumuse\u021be \u00een Go?<\/a><div class=\"wp-block-latest-posts__post-author\">by admin<\/div><time datetime=\"2025-12-05T20:58:35+02:00\" class=\"wp-block-latest-posts__post-date\">December 5, 2025<\/time><div class=\"wp-block-latest-posts__post-excerpt\">Frumuse\u021bea \u00een Go nu este un criteriu estetic \u00een sensul tradi\u021bional. Nu se refer\u0103 la forme decorate, culori elaborate sau efecte vizuale. Frumuse\u021bea \u00een Go provine din structur\u0103, din coeren\u021b\u0103 \u0219i din echilibru. Este o frumuse\u021be func\u021bional\u0103: apare atunci c\u00e2nd mut\u0103rile sunt necesare, clare \u0219i potrivite, iar rezultatul pozi\u021biei devine &hellip; <p class=\"link-more\"><a href=\"https:\/\/godojo.ro\/index.php\/2025\/12\/05\/ce-inseamna-frumusete-in-go\/\" class=\"more-link\">Continue reading<span class=\"screen-reader-text\"> &#8220;Ce \u00eenseamn\u0103 frumuse\u021be \u00een Go?&#8221;<\/span><\/a><\/p><\/div><\/li>\n<li><a class=\"wp-block-latest-posts__post-title\" href=\"https:\/\/godojo.ro\/index.php\/2025\/12\/05\/ilustratii-sumi-e-estetica-minimalismului\/\">Ilustra\u021bii, sumi-e, estetica minimalismului<\/a><div class=\"wp-block-latest-posts__post-author\">by admin<\/div><time datetime=\"2025-12-05T20:57:25+02:00\" class=\"wp-block-latest-posts__post-date\">December 5, 2025<\/time><div class=\"wp-block-latest-posts__post-excerpt\">Go-ul este un joc strategic, dar \u00een mod natural a devenit \u0219i un obiect estetic. Tabla, pietrele, liniile \u0219i spa\u021biul liber creeaz\u0103 o compozi\u021bie vizual\u0103 care invit\u0103 la reflec\u021bie. \u00cen cultura japonez\u0103, aceast\u0103 compozi\u021bie a fost adesea asociat\u0103 cu tradi\u021bia sumi-e, pictura \u00een tu\u0219 bazat\u0103 pe simplitate, esen\u021bialitate \u0219i sugestie. &hellip; <p class=\"link-more\"><a href=\"https:\/\/godojo.ro\/index.php\/2025\/12\/05\/ilustratii-sumi-e-estetica-minimalismului\/\" class=\"more-link\">Continue reading<span class=\"screen-reader-text\"> &#8220;Ilustra\u021bii, sumi-e, estetica minimalismului&#8221;<\/span><\/a><\/p><\/div><\/li>\n<\/ul>","protected":false},"excerpt":{"rendered":"<p>Tu\u0219, linii, compozi\u021bii, imagini inspirate de ritmul jocului. Go-ul a devenit surs\u0103 de expresie pentru arti\u0219ti din culturi \u0219i epoci diferite. Aici, estetica devine un mod de a \u00een\u021belege jocul dincolo de strategie \u2014 ca gest creativ, form\u0103 \u0219i sensibilitate.<\/p>\n","protected":false},"author":1,"featured_media":443,"parent":0,"menu_order":0,"comment_status":"closed","ping_status":"closed","template":"","meta":{"footnotes":""},"class_list":["post-233","page","type-page","status-publish","has-post-thumbnail","hentry"],"_links":{"self":[{"href":"https:\/\/godojo.ro\/index.php\/wp-json\/wp\/v2\/pages\/233","targetHints":{"allow":["GET"]}}],"collection":[{"href":"https:\/\/godojo.ro\/index.php\/wp-json\/wp\/v2\/pages"}],"about":[{"href":"https:\/\/godojo.ro\/index.php\/wp-json\/wp\/v2\/types\/page"}],"author":[{"embeddable":true,"href":"https:\/\/godojo.ro\/index.php\/wp-json\/wp\/v2\/users\/1"}],"replies":[{"embeddable":true,"href":"https:\/\/godojo.ro\/index.php\/wp-json\/wp\/v2\/comments?post=233"}],"version-history":[{"count":4,"href":"https:\/\/godojo.ro\/index.php\/wp-json\/wp\/v2\/pages\/233\/revisions"}],"predecessor-version":[{"id":503,"href":"https:\/\/godojo.ro\/index.php\/wp-json\/wp\/v2\/pages\/233\/revisions\/503"}],"wp:featuredmedia":[{"embeddable":true,"href":"https:\/\/godojo.ro\/index.php\/wp-json\/wp\/v2\/media\/443"}],"wp:attachment":[{"href":"https:\/\/godojo.ro\/index.php\/wp-json\/wp\/v2\/media?parent=233"}],"curies":[{"name":"wp","href":"https:\/\/api.w.org\/{rel}","templated":true}]}}