{"id":231,"date":"2025-12-05T12:37:01","date_gmt":"2025-12-05T10:37:01","guid":{"rendered":"https:\/\/godojo.ro\/?page_id=231"},"modified":"2025-12-06T11:08:44","modified_gmt":"2025-12-06T09:08:44","slug":"go-ca-practica-spirituala","status":"publish","type":"page","link":"https:\/\/godojo.ro\/index.php\/go-ca-practica-spirituala\/","title":{"rendered":"Go ca practic\u0103 spiritual\u0103"},"content":{"rendered":"\n<p style=\"font-size:16px\"><em>Go-ul poate fi tr\u0103it ca un exerci\u021biu de prezen\u021b\u0103: respira\u021bie, ritm, gest. Nu cere performan\u021b\u0103, ci aten\u021bie. \u00cen lini\u0219tea mut\u0103rilor apare un fel de claritate care nu este conceptual\u0103, ci tr\u0103it\u0103. O cale simpl\u0103, discret\u0103, de a fi cu tine \u00een mod autentic.<\/em><\/p>\n\n\n<ul class=\"wp-block-latest-posts__list has-dates has-author wp-block-latest-posts\"><li><a class=\"wp-block-latest-posts__post-title\" href=\"https:\/\/godojo.ro\/index.php\/2025\/12\/05\/prezenta-si-respiratia-in-joc\/\">Prezen\u021ba \u0219i respira\u021bia \u00een joc<\/a><div class=\"wp-block-latest-posts__post-author\">by admin<\/div><time datetime=\"2025-12-05T20:56:28+02:00\" class=\"wp-block-latest-posts__post-date\">December 5, 2025<\/time><div class=\"wp-block-latest-posts__post-excerpt\">\u00cen multe activit\u0103\u021bi, respira\u021bia este ignorat\u0103. Este v\u0103zut\u0103 ca un detaliu fiziologic, f\u0103r\u0103 leg\u0103tur\u0103 cu procesul cognitiv. \u00cen Go \u00eens\u0103, respira\u021bia devine natural parte din modul de a fi \u00een joc. Nu pentru c\u0103 ar exista o tehnic\u0103 formal\u0103 legat\u0103 de ea, ci pentru c\u0103 ritmul interior al juc\u0103torului influen\u021beaz\u0103 &hellip; <p class=\"link-more\"><a href=\"https:\/\/godojo.ro\/index.php\/2025\/12\/05\/prezenta-si-respiratia-in-joc\/\" class=\"more-link\">Continue reading<span class=\"screen-reader-text\"> &#8220;Prezen\u021ba \u0219i respira\u021bia \u00een joc&#8221;<\/span><\/a><\/p><\/div><\/li>\n<li><a class=\"wp-block-latest-posts__post-title\" href=\"https:\/\/godojo.ro\/index.php\/2025\/12\/05\/practica-pierderii-cum-ne-invata-go-ul-sa-renuntam\/\">Practica pierderii: cum ne \u00eenva\u021b\u0103 Go-ul s\u0103 renun\u021b\u0103m<\/a><div class=\"wp-block-latest-posts__post-author\">by admin<\/div><time datetime=\"2025-12-05T20:55:38+02:00\" class=\"wp-block-latest-posts__post-date\">December 5, 2025<\/time><div class=\"wp-block-latest-posts__post-excerpt\">Pierderea este una dintre cele mai dificile experien\u021be umane. \u00cen via\u021b\u0103, renun\u021barea este adesea \u00eenso\u021bit\u0103 de durere, ambivalen\u021b\u0103, incertitudine sau sentimentul de e\u0219ec. Oamenii evit\u0103 pierderea nu doar din orgoliu, ci pentru c\u0103 este greu de procesat ce \u00eenseamn\u0103 ea pentru identitate \u0219i pentru imaginea de sine. Go-ul ofer\u0103 un &hellip; <p class=\"link-more\"><a href=\"https:\/\/godojo.ro\/index.php\/2025\/12\/05\/practica-pierderii-cum-ne-invata-go-ul-sa-renuntam\/\" class=\"more-link\">Continue reading<span class=\"screen-reader-text\"> &#8220;Practica pierderii: cum ne \u00eenva\u021b\u0103 Go-ul s\u0103 renun\u021b\u0103m&#8221;<\/span><\/a><\/p><\/div><\/li>\n<li><a class=\"wp-block-latest-posts__post-title\" href=\"https:\/\/godojo.ro\/index.php\/2025\/12\/05\/claritatea-ca-virtute\/\">Claritatea ca virtute<\/a><div class=\"wp-block-latest-posts__post-author\">by admin<\/div><time datetime=\"2025-12-05T20:54:41+02:00\" class=\"wp-block-latest-posts__post-date\">December 5, 2025<\/time><div class=\"wp-block-latest-posts__post-excerpt\">Claritatea ca virtute \u00cen multe tradi\u021bii, claritatea este considerat\u0103 o form\u0103 de disciplin\u0103 interioar\u0103. Nu este ceva mistic \u0219i nici o stare excep\u021bional\u0103. Este, mai degrab\u0103, un mod de a percepe lumea f\u0103r\u0103 distorsiuni inutile: f\u0103r\u0103 agita\u021bie, f\u0103r\u0103 impuls \u0219i f\u0103r\u0103 reac\u021bii exagerate. \u00cen acest sens, Go-ul func\u021bioneaz\u0103 ca o &hellip; <p class=\"link-more\"><a href=\"https:\/\/godojo.ro\/index.php\/2025\/12\/05\/claritatea-ca-virtute\/\" class=\"more-link\">Continue reading<span class=\"screen-reader-text\"> &#8220;Claritatea ca virtute&#8221;<\/span><\/a><\/p><\/div><\/li>\n<\/ul>","protected":false},"excerpt":{"rendered":"<p>Go-ul poate fi tr\u0103it ca un exerci\u021biu de prezen\u021b\u0103: respira\u021bie, ritm, gest. Nu cere performan\u021b\u0103, ci aten\u021bie. \u00cen lini\u0219tea mut\u0103rilor apare un fel de claritate care nu este conceptual\u0103, ci tr\u0103it\u0103. O cale simpl\u0103, discret\u0103, de a fi cu tine \u00een mod autentic.<\/p>\n","protected":false},"author":1,"featured_media":439,"parent":0,"menu_order":0,"comment_status":"closed","ping_status":"closed","template":"","meta":{"footnotes":""},"class_list":["post-231","page","type-page","status-publish","has-post-thumbnail","hentry"],"_links":{"self":[{"href":"https:\/\/godojo.ro\/index.php\/wp-json\/wp\/v2\/pages\/231","targetHints":{"allow":["GET"]}}],"collection":[{"href":"https:\/\/godojo.ro\/index.php\/wp-json\/wp\/v2\/pages"}],"about":[{"href":"https:\/\/godojo.ro\/index.php\/wp-json\/wp\/v2\/types\/page"}],"author":[{"embeddable":true,"href":"https:\/\/godojo.ro\/index.php\/wp-json\/wp\/v2\/users\/1"}],"replies":[{"embeddable":true,"href":"https:\/\/godojo.ro\/index.php\/wp-json\/wp\/v2\/comments?post=231"}],"version-history":[{"count":4,"href":"https:\/\/godojo.ro\/index.php\/wp-json\/wp\/v2\/pages\/231\/revisions"}],"predecessor-version":[{"id":502,"href":"https:\/\/godojo.ro\/index.php\/wp-json\/wp\/v2\/pages\/231\/revisions\/502"}],"wp:featuredmedia":[{"embeddable":true,"href":"https:\/\/godojo.ro\/index.php\/wp-json\/wp\/v2\/media\/439"}],"wp:attachment":[{"href":"https:\/\/godojo.ro\/index.php\/wp-json\/wp\/v2\/media?parent=231"}],"curies":[{"name":"wp","href":"https:\/\/api.w.org\/{rel}","templated":true}]}}