{"id":216,"date":"2025-12-05T12:28:52","date_gmt":"2025-12-05T10:28:52","guid":{"rendered":"https:\/\/godojo.ro\/?page_id=216"},"modified":"2025-12-06T11:05:52","modified_gmt":"2025-12-06T09:05:52","slug":"go-si-educatia","status":"publish","type":"page","link":"https:\/\/godojo.ro\/index.php\/go-si-educatia\/","title":{"rendered":"Go \u0219i educa\u021bia"},"content":{"rendered":"\n<p style=\"font-size:16px\"><em>Go-ul ofer\u0103 un cadru de \u00eenv\u0103\u021bare \u00een care rigoarea se \u00eemplete\u0219te cu explorarea. \u00cent\u0103re\u0219te aten\u021bia, sus\u021bine flexibilitatea cognitiv\u0103 \u0219i cultiv\u0103 o disciplin\u0103 bl\u00e2nd\u0103 \u2014 nu impus\u0103, ci descoperit\u0103 \u00een propria experien\u021b\u0103. \u00cen educa\u021bie, jocul devine un instrument pentru autonomie, echilibru \u0219i formarea unui ritm s\u0103n\u0103tos de g\u00e2ndire. Un mod simplu \u0219i profund de a cre\u0219te.<\/em><\/p>\n\n\n<ul class=\"wp-block-latest-posts__list has-dates has-author wp-block-latest-posts\"><li><a class=\"wp-block-latest-posts__post-title\" href=\"https:\/\/godojo.ro\/index.php\/2025\/12\/05\/psihologia-competitiei-sanatoase-cum-invata-copiii-sa-piarda-si-sa-revina\/\">Psihologia competi\u021biei s\u0103n\u0103toase: cum \u00eenva\u021b\u0103 copiii s\u0103 piard\u0103 \u0219i s\u0103 revin\u0103<\/a><div class=\"wp-block-latest-posts__post-author\">by admin<\/div><time datetime=\"2025-12-05T20:24:46+02:00\" class=\"wp-block-latest-posts__post-date\">December 5, 2025<\/time><div class=\"wp-block-latest-posts__post-excerpt\">Competitivitatea face parte din via\u021ba copiilor, indiferent dac\u0103 apare \u00een \u0219coal\u0103, \u00een sport, \u00een jocuri sau \u00een interac\u021biunile sociale. Dar felul \u00een care copiii se raporteaz\u0103 la competi\u021bie le influen\u021beaz\u0103 profund stima de sine, rela\u021bia cu e\u0219ecul \u0219i capacitatea de a persevera. Go-ul ofer\u0103 un mediu rar \u00eent\u00e2lnit: o competi\u021bie calm\u0103, structurat\u0103, f\u0103r\u0103 agresivitate \u0219i &hellip; <p class=\"link-more\"><a href=\"https:\/\/godojo.ro\/index.php\/2025\/12\/05\/psihologia-competitiei-sanatoase-cum-invata-copiii-sa-piarda-si-sa-revina\/\" class=\"more-link\">Continue reading<span class=\"screen-reader-text\"> &#8220;Psihologia competi\u021biei s\u0103n\u0103toase: cum \u00eenva\u021b\u0103 copiii s\u0103 piard\u0103 \u0219i s\u0103 revin\u0103&#8221;<\/span><\/a><\/p><\/div><\/li>\n<li><a class=\"wp-block-latest-posts__post-title\" href=\"https:\/\/godojo.ro\/index.php\/2025\/12\/05\/cum-construiesti-un-program-educational-de-go\/\">Cum construie\u0219ti un program educa\u021bional de Go?<\/a><div class=\"wp-block-latest-posts__post-author\">by admin<\/div><time datetime=\"2025-12-05T20:23:25+02:00\" class=\"wp-block-latest-posts__post-date\">December 5, 2025<\/time><div class=\"wp-block-latest-posts__post-excerpt\">Un program educa\u021bional de Go nu este o simpl\u0103 succesiune de lec\u021bii. Nu este un manual tehnic \u0219i nici o colec\u021bie de trucuri strategice. Este o arhitectur\u0103 pedagogic\u0103 \u00een care copilul este introdus \u00een ritmul jocului, \u00een structura lui, \u00een aten\u021bia lui \u0219i \u00een rela\u021biile care se formeaz\u0103 pe tabl\u0103. Pentru ca un program s\u0103 &hellip; <p class=\"link-more\"><a href=\"https:\/\/godojo.ro\/index.php\/2025\/12\/05\/cum-construiesti-un-program-educational-de-go\/\" class=\"more-link\">Continue reading<span class=\"screen-reader-text\"> &#8220;Cum construie\u0219ti un program educa\u021bional de Go?&#8221;<\/span><\/a><\/p><\/div><\/li>\n<li><a class=\"wp-block-latest-posts__post-title\" href=\"https:\/\/godojo.ro\/index.php\/2025\/12\/05\/go-si-educatia-caracterului\/\">Go \u0219i educa\u021bia caracterului<\/a><div class=\"wp-block-latest-posts__post-author\">by admin<\/div><time datetime=\"2025-12-05T20:22:12+02:00\" class=\"wp-block-latest-posts__post-date\">December 5, 2025<\/time><div class=\"wp-block-latest-posts__post-excerpt\">Formarea caracterului este una dintre cele mai sensibile \u0219i mai complexe dimensiuni ale educa\u021biei. Nu poate fi impus\u0103 prin presiune, nu poate fi transmis\u0103 prin reguli \u0219i nu apare spontan \u00een absen\u021ba unui cadru adecvat. Copiii \u00ee\u0219i construiesc caracterul treptat, prin experien\u021be reale, prin interac\u021biuni stabile \u0219i prin contexte care le pun la \u00eencercare limitele &hellip; <p class=\"link-more\"><a href=\"https:\/\/godojo.ro\/index.php\/2025\/12\/05\/go-si-educatia-caracterului\/\" class=\"more-link\">Continue reading<span class=\"screen-reader-text\"> &#8220;Go \u0219i educa\u021bia caracterului&#8221;<\/span><\/a><\/p><\/div><\/li>\n<li><a class=\"wp-block-latest-posts__post-title\" href=\"https:\/\/godojo.ro\/index.php\/2025\/12\/05\/go-ca-instrument-anti-dependenta-digitala\/\">Go ca instrument anti-dependen\u021b\u0103 digital\u0103<\/a><div class=\"wp-block-latest-posts__post-author\">by admin<\/div><time datetime=\"2025-12-05T20:20:05+02:00\" class=\"wp-block-latest-posts__post-date\">December 5, 2025<\/time><div class=\"wp-block-latest-posts__post-excerpt\">Dependen\u021ba digital\u0103 a devenit una dintre cele mai mari provoc\u0103ri ale copil\u0103riei moderne. Copiii \u0219i adolescen\u021bii petrec ore \u00eentregi \u00een fa\u021ba ecranelor, iar efectele asupra aten\u021biei, somnului, emo\u021biilor \u0219i rela\u021biilor sociale devin tot mai evidente. \u00cen acest context, Go-ul nu este doar un joc, ci poate func\u021biona ca un antidot cultural: o activitate analogic\u0103, profund\u0103 &hellip; <p class=\"link-more\"><a href=\"https:\/\/godojo.ro\/index.php\/2025\/12\/05\/go-ca-instrument-anti-dependenta-digitala\/\" class=\"more-link\">Continue reading<span class=\"screen-reader-text\"> &#8220;Go ca instrument anti-dependen\u021b\u0103 digital\u0103&#8221;<\/span><\/a><\/p><\/div><\/li>\n<li><a class=\"wp-block-latest-posts__post-title\" href=\"https:\/\/godojo.ro\/index.php\/2025\/12\/05\/ce-abilitati-dezvolta-go-ul-la-copii-atentie-toleranta-memorie-flexibilitate\/\">Ce abilit\u0103\u021bi dezvolt\u0103 Go-ul la copii? Aten\u021bie, toleran\u021b\u0103, memorie, flexibilitate<\/a><div class=\"wp-block-latest-posts__post-author\">by admin<\/div><time datetime=\"2025-12-05T20:18:35+02:00\" class=\"wp-block-latest-posts__post-date\">December 5, 2025<\/time><div class=\"wp-block-latest-posts__post-excerpt\">Aten\u021bie, toleran\u021b\u0103, memorie, flexibilitate Go-ul este unul dintre pu\u021binele jocuri care dezvolt\u0103 simultan procese cognitive, emo\u021bionale \u0219i sociale, f\u0103r\u0103 s\u0103 for\u021beze copilul \u0219i f\u0103r\u0103 s\u0103 transforme \u00eenv\u0103\u021barea \u00eentr-o competi\u021bie rigid\u0103. \u00cen mod natural, aproape instinctiv, copiii \u00eencep s\u0103 \u00ee\u0219i formeze abilit\u0103\u021bi pe care \u0219coala tradi\u021bional\u0103 le cultiv\u0103 cu dificultate: r\u0103bdare, aten\u021bie, flexibilitate, toleran\u021b\u0103 la frustrare, &hellip; <p class=\"link-more\"><a href=\"https:\/\/godojo.ro\/index.php\/2025\/12\/05\/ce-abilitati-dezvolta-go-ul-la-copii-atentie-toleranta-memorie-flexibilitate\/\" class=\"more-link\">Continue reading<span class=\"screen-reader-text\"> &#8220;Ce abilit\u0103\u021bi dezvolt\u0103 Go-ul la copii? Aten\u021bie, toleran\u021b\u0103, memorie, flexibilitate&#8221;<\/span><\/a><\/p><\/div><\/li>\n<li><a class=\"wp-block-latest-posts__post-title\" href=\"https:\/\/godojo.ro\/index.php\/2025\/12\/05\/de-ce-ar-trebui-predat-go-ul-in-scoli\/\">De ce ar trebui predat Go-ul \u00een \u0219coli?<\/a><div class=\"wp-block-latest-posts__post-author\">by admin<\/div><time datetime=\"2025-12-05T20:08:32+02:00\" class=\"wp-block-latest-posts__post-date\">December 5, 2025<\/time><div class=\"wp-block-latest-posts__post-excerpt\">\u00centr-o perioad\u0103 \u00een care aten\u021bia copiilor este fragmentat\u0103, stresul \u0219colar este tot mai mare, iar tehnologia ocup\u0103 o parte considerabil\u0103 din via\u021ba lor, Go-ul ofer\u0103 o alternativ\u0103 educa\u021bional\u0103 surprinz\u0103tor de relevant\u0103. De\u0219i provine dintr-o tradi\u021bie veche de mii de ani, jocul se potrive\u0219te foarte bine provoc\u0103rilor pedagogice contemporane. El cultiv\u0103 aten\u021bia, dezvolt\u0103 g\u00e2ndirea strategic\u0103, sus\u021bine &hellip; <p class=\"link-more\"><a href=\"https:\/\/godojo.ro\/index.php\/2025\/12\/05\/de-ce-ar-trebui-predat-go-ul-in-scoli\/\" class=\"more-link\">Continue reading<span class=\"screen-reader-text\"> &#8220;De ce ar trebui predat Go-ul \u00een \u0219coli?&#8221;<\/span><\/a><\/p><\/div><\/li>\n<\/ul>","protected":false},"excerpt":{"rendered":"<p>Go-ul ofer\u0103 un cadru de \u00eenv\u0103\u021bare \u00een care rigoarea se \u00eemplete\u0219te cu explorarea. \u00cent\u0103re\u0219te aten\u021bia, sus\u021bine flexibilitatea cognitiv\u0103 \u0219i cultiv\u0103 o disciplin\u0103 bl\u00e2nd\u0103 \u2014 nu impus\u0103, ci descoperit\u0103 \u00een propria experien\u021b\u0103. \u00cen educa\u021bie, jocul devine un instrument pentru autonomie, echilibru \u0219i formarea unui ritm s\u0103n\u0103tos de g\u00e2ndire. Un mod simplu \u0219i profund de a cre\u0219te.<\/p>\n","protected":false},"author":1,"featured_media":442,"parent":0,"menu_order":0,"comment_status":"closed","ping_status":"closed","template":"","meta":{"footnotes":""},"class_list":["post-216","page","type-page","status-publish","has-post-thumbnail","hentry"],"_links":{"self":[{"href":"https:\/\/godojo.ro\/index.php\/wp-json\/wp\/v2\/pages\/216","targetHints":{"allow":["GET"]}}],"collection":[{"href":"https:\/\/godojo.ro\/index.php\/wp-json\/wp\/v2\/pages"}],"about":[{"href":"https:\/\/godojo.ro\/index.php\/wp-json\/wp\/v2\/types\/page"}],"author":[{"embeddable":true,"href":"https:\/\/godojo.ro\/index.php\/wp-json\/wp\/v2\/users\/1"}],"replies":[{"embeddable":true,"href":"https:\/\/godojo.ro\/index.php\/wp-json\/wp\/v2\/comments?post=216"}],"version-history":[{"count":5,"href":"https:\/\/godojo.ro\/index.php\/wp-json\/wp\/v2\/pages\/216\/revisions"}],"predecessor-version":[{"id":495,"href":"https:\/\/godojo.ro\/index.php\/wp-json\/wp\/v2\/pages\/216\/revisions\/495"}],"wp:featuredmedia":[{"embeddable":true,"href":"https:\/\/godojo.ro\/index.php\/wp-json\/wp\/v2\/media\/442"}],"wp:attachment":[{"href":"https:\/\/godojo.ro\/index.php\/wp-json\/wp\/v2\/media?parent=216"}],"curies":[{"name":"wp","href":"https:\/\/api.w.org\/{rel}","templated":true}]}}