{"id":214,"date":"2025-12-05T12:26:57","date_gmt":"2025-12-05T10:26:57","guid":{"rendered":"https:\/\/godojo.ro\/?page_id=214"},"modified":"2025-12-06T11:05:30","modified_gmt":"2025-12-06T09:05:30","slug":"go-si-istoria","status":"publish","type":"page","link":"https:\/\/godojo.ro\/index.php\/go-si-istoria\/","title":{"rendered":"Go \u0219i istoria"},"content":{"rendered":"\n<p style=\"font-size:16px\"><em>Istoria Go-ului este o succesiune de momente de viziune, curaj \u0219i transformare. Mae\u0219tri, \u0219coli de g\u00e2ndire \u0219i partide remarcabile au modelat felul \u00een care \u00een\u021belegem ast\u0103zi jocul. \u00cen acest spa\u021biu, tradi\u021bia nu este static\u0103, ci vie: fiecare genera\u021bie a ad\u0103ugat o nuan\u021b\u0103, o deschidere, o schimbare de perspectiv\u0103. Un traseu al evolu\u021biei lente, dar decisive.<\/em><\/p>\n\n\n<ul class=\"wp-block-latest-posts__list has-dates has-author alignleft wp-block-latest-posts\"><li><a class=\"wp-block-latest-posts__post-title\" href=\"https:\/\/godojo.ro\/index.php\/2025\/12\/05\/romania-in-ecoul-lumii-go-ului-timisoara-cluburile-profesorii-acs-go-dojo\/\">Rom\u00e2nia \u00een ecoul lumii Go-ului: Timi\u0219oara, cluburile, profesorii, ACS Go Dojo<\/a><div class=\"wp-block-latest-posts__post-author\">by admin<\/div><time datetime=\"2025-12-05T20:01:34+02:00\" class=\"wp-block-latest-posts__post-date\">December 5, 2025<\/time><div class=\"wp-block-latest-posts__post-excerpt\">Istoria Go-ului rom\u00e2nesc este o poveste discret\u0103, dar profund\u0103. Nu are dojo-uri seculare, nu are mae\u0219tri forma\u021bi \u00een sisteme tradi\u021bionale \u0219i nici institu\u021bii cu o continuitate de secole. Dar are ceva la fel de important: oameni care au construit cu r\u0103bdare, pasiona\u021bi de un joc pe care l-au descoperit aproape \u00eent\u00e2mpl\u0103tor \u0219i pe care l-au &hellip; <p class=\"link-more\"><a href=\"https:\/\/godojo.ro\/index.php\/2025\/12\/05\/romania-in-ecoul-lumii-go-ului-timisoara-cluburile-profesorii-acs-go-dojo\/\" class=\"more-link\">Continue reading<span class=\"screen-reader-text\"> &#8220;Rom\u00e2nia \u00een ecoul lumii Go-ului: Timi\u0219oara, cluburile, profesorii, ACS Go Dojo&#8221;<\/span><\/a><\/p><\/div><\/li>\n<li><a class=\"wp-block-latest-posts__post-title\" href=\"https:\/\/godojo.ro\/index.php\/2025\/12\/05\/go-in-europa-o-istorie-a-curiozitatii-si-auto-organizarii\/\">Go \u00een Europa: o istorie a curiozit\u0103\u021bii \u0219i auto-organiz\u0103rii<\/a><div class=\"wp-block-latest-posts__post-author\">by admin<\/div><time datetime=\"2025-12-05T20:00:00+02:00\" class=\"wp-block-latest-posts__post-date\">December 5, 2025<\/time><div class=\"wp-block-latest-posts__post-excerpt\">R\u0103sp\u00e2ndirea Go-ului \u00een Europa este una dintre cele mai interesante pove\u0219ti ale istoriei moderne a jocului, pentru c\u0103, spre deosebire de Asia, continentul european nu a avut tradi\u021bii, \u0219coli oficiale sau mae\u0219tri istorici ai Go-ului. Tot ceea ce s-a construit aici a ap\u0103rut prin curiozitate, prin autodidactism \u0219i prin spirit comunitar. Aceasta este esen\u021ba identit\u0103\u021bii &hellip; <p class=\"link-more\"><a href=\"https:\/\/godojo.ro\/index.php\/2025\/12\/05\/go-in-europa-o-istorie-a-curiozitatii-si-auto-organizarii\/\" class=\"more-link\">Continue reading<span class=\"screen-reader-text\"> &#8220;Go \u00een Europa: o istorie a curiozit\u0103\u021bii \u0219i auto-organiz\u0103rii&#8221;<\/span><\/a><\/p><\/div><\/li>\n<li><a class=\"wp-block-latest-posts__post-title\" href=\"https:\/\/godojo.ro\/index.php\/2025\/12\/05\/dojo-urile-japoneze-cea-mai-consecventa-pedagogie-strategica-din-lume\/\">Dojo-urile japoneze: cea mai consecvent\u0103 pedagogie strategic\u0103 din lume<\/a><div class=\"wp-block-latest-posts__post-author\">by admin<\/div><time datetime=\"2025-12-05T19:58:57+02:00\" class=\"wp-block-latest-posts__post-date\">December 5, 2025<\/time><div class=\"wp-block-latest-posts__post-excerpt\">De\u0219i Go-ul are r\u0103d\u0103cini mult mai vechi \u00een China, a fost \u00een Japonia unde jocul a primit cea mai stabil\u0103 \u0219i coerent\u0103 form\u0103 pedagogic\u0103. Dojo-urile japoneze au creat un sistem unic de educa\u021bie strategic\u0103, \u00een care disciplina, respectul, continuitatea \u0219i rafinamentul tehnic au fost integrate \u00eentr-un mod care nu a existat nic\u0103ieri altundeva. Aceast\u0103 structur\u0103 &hellip; <p class=\"link-more\"><a href=\"https:\/\/godojo.ro\/index.php\/2025\/12\/05\/dojo-urile-japoneze-cea-mai-consecventa-pedagogie-strategica-din-lume\/\" class=\"more-link\">Continue reading<span class=\"screen-reader-text\"> &#8220;Dojo-urile japoneze: cea mai consecvent\u0103 pedagogie strategic\u0103 din lume&#8221;<\/span><\/a><\/p><\/div><\/li>\n<li><a class=\"wp-block-latest-posts__post-title\" href=\"https:\/\/godojo.ro\/index.php\/2025\/12\/05\/revolutia-ia-inteligenta-non-umana-ca-mentor\/\">Revolu\u021bia AI: inteligen\u021ba non-uman\u0103 ca mentor<\/a><div class=\"wp-block-latest-posts__post-author\">by admin<\/div><time datetime=\"2025-12-05T19:57:46+02:00\" class=\"wp-block-latest-posts__post-date\">December 5, 2025<\/time><div class=\"wp-block-latest-posts__post-excerpt\">\u00cen 2016, partida dintre AlphaGo \u0219i Lee Sedol a reprezentat un moment de cotitur\u0103 nu doar pentru Go, ci pentru \u00eentreaga cultur\u0103 a jocurilor strategice. Pentru prima dat\u0103, juc\u0103torii au putut observa o inteligen\u021b\u0103 non-uman\u0103 navig\u00e2nd complexitatea gobanului cu o creativitate \u0219i o precizie care dep\u0103\u0219eau limitele tradi\u021biei. Victoria inteligen\u021bei artificiale nu a \u00eensemnat \u00eenfr\u00e2ngerea &hellip; <p class=\"link-more\"><a href=\"https:\/\/godojo.ro\/index.php\/2025\/12\/05\/revolutia-ia-inteligenta-non-umana-ca-mentor\/\" class=\"more-link\">Continue reading<span class=\"screen-reader-text\"> &#8220;Revolu\u021bia AI: inteligen\u021ba non-uman\u0103 ca mentor&#8221;<\/span><\/a><\/p><\/div><\/li>\n<li><a class=\"wp-block-latest-posts__post-title\" href=\"https:\/\/godojo.ro\/index.php\/2025\/12\/05\/revolutia-lui-go-seigen-libertatea-formei\/\">Revolu\u021bia lui Go Seigen: libertatea formei<\/a><div class=\"wp-block-latest-posts__post-author\">by admin<\/div><time datetime=\"2025-12-05T19:57:01+02:00\" class=\"wp-block-latest-posts__post-date\">December 5, 2025<\/time><div class=\"wp-block-latest-posts__post-excerpt\">Revolu\u021bia lui Go Seigen: libertatea formei Dac\u0103 Honinbo Shusaku a reprezentat idealul echilibrului, Go Seigen (1914\u20132014) a fost \u00eentruchiparea libert\u0103\u021bii. N\u0103scut \u00een China, format \u00een Japonia \u0219i considerat de mul\u021bi cel mai mare juc\u0103tor al secolului XX, Go Seigen a schimbat pentru totdeauna felul \u00een care oamenii g\u00e2ndesc pe goban. Revolu\u021bia lui nu a vizat &hellip; <p class=\"link-more\"><a href=\"https:\/\/godojo.ro\/index.php\/2025\/12\/05\/revolutia-lui-go-seigen-libertatea-formei\/\" class=\"more-link\">Continue reading<span class=\"screen-reader-text\"> &#8220;Revolu\u021bia lui Go Seigen: libertatea formei&#8221;<\/span><\/a><\/p><\/div><\/li>\n<li><a class=\"wp-block-latest-posts__post-title\" href=\"https:\/\/godojo.ro\/index.php\/2025\/12\/05\/revolutia-lui-shusaku-echilibrul-ca-paradigma\/\">Revolu\u021bia lui Shusaku: echilibrul ca paradigm\u0103<\/a><div class=\"wp-block-latest-posts__post-author\">by admin<\/div><time datetime=\"2025-12-05T19:55:17+02:00\" class=\"wp-block-latest-posts__post-date\">December 5, 2025<\/time><div class=\"wp-block-latest-posts__post-excerpt\">Honinbo Shusaku (1829\u20131862) este considerat de mul\u021bi drept \u201eSf\u00e2ntul Go-ului\u201d, nu pentru c\u0103 ar fi fost invincibil \u00een sens absolut, ci pentru c\u0103 a reu\u0219it s\u0103 cristalizeze o form\u0103 de claritate \u0219i echilibru care a modelat \u00eentreaga tradi\u021bie japonez\u0103. \u00centr-o epoc\u0103 \u00een care stilurile erau \u00een plin\u0103 maturizare \u0219i \u00een care \u0219colile clasice \u00ee\u0219i afirmau &hellip; <p class=\"link-more\"><a href=\"https:\/\/godojo.ro\/index.php\/2025\/12\/05\/revolutia-lui-shusaku-echilibrul-ca-paradigma\/\" class=\"more-link\">Continue reading<span class=\"screen-reader-text\"> &#8220;Revolu\u021bia lui Shusaku: echilibrul ca paradigm\u0103&#8221;<\/span><\/a><\/p><\/div><\/li>\n<li><a class=\"wp-block-latest-posts__post-title\" href=\"https:\/\/godojo.ro\/index.php\/2025\/12\/05\/de-la-miturile-chineze-pana-la-alphago-cele-patru-mari-epoci-ale-go-ului\/\">De la miturile chineze p\u00e2n\u0103 la AlphaGo: cele patru mari epoci ale Go-ului<\/a><div class=\"wp-block-latest-posts__post-author\">by admin<\/div><time datetime=\"2025-12-05T19:54:08+02:00\" class=\"wp-block-latest-posts__post-date\">December 5, 2025<\/time><div class=\"wp-block-latest-posts__post-excerpt\">De-a lungul a peste patru milenii, Go-ul a trecut prin transform\u0103ri profunde, travers\u00e2nd culturi, imperii, \u0219coli de g\u00e2ndire \u0219i revolu\u021bii tehnologice. \u00cen ciuda acestor schimb\u0103ri, jocul \u0219i-a p\u0103strat esen\u021ba: simplitatea regulilor \u0219i complexitatea aproape infinit\u0103 a posibilit\u0103\u021bilor. Istoria lui poate fi privit\u0103 ca o succesiune de patru mari epoci, fiecare aduc\u00e2nd o perspectiv\u0103 distinct\u0103 asupra &hellip; <p class=\"link-more\"><a href=\"https:\/\/godojo.ro\/index.php\/2025\/12\/05\/de-la-miturile-chineze-pana-la-alphago-cele-patru-mari-epoci-ale-go-ului\/\" class=\"more-link\">Continue reading<span class=\"screen-reader-text\"> &#8220;De la miturile chineze p\u00e2n\u0103 la AlphaGo: cele patru mari epoci ale Go-ului&#8221;<\/span><\/a><\/p><\/div><\/li>\n<\/ul>","protected":false},"excerpt":{"rendered":"<p>Istoria Go-ului este o succesiune de momente de viziune, curaj \u0219i transformare. Mae\u0219tri, \u0219coli de g\u00e2ndire \u0219i partide remarcabile au modelat felul \u00een care \u00een\u021belegem ast\u0103zi jocul. \u00cen acest spa\u021biu, tradi\u021bia nu este static\u0103, ci vie: fiecare genera\u021bie a ad\u0103ugat o nuan\u021b\u0103, o deschidere, o schimbare de perspectiv\u0103. Un traseu al evolu\u021biei lente, dar decisive.<\/p>\n","protected":false},"author":1,"featured_media":443,"parent":0,"menu_order":0,"comment_status":"closed","ping_status":"closed","template":"","meta":{"footnotes":""},"class_list":["post-214","page","type-page","status-publish","has-post-thumbnail","hentry"],"_links":{"self":[{"href":"https:\/\/godojo.ro\/index.php\/wp-json\/wp\/v2\/pages\/214","targetHints":{"allow":["GET"]}}],"collection":[{"href":"https:\/\/godojo.ro\/index.php\/wp-json\/wp\/v2\/pages"}],"about":[{"href":"https:\/\/godojo.ro\/index.php\/wp-json\/wp\/v2\/types\/page"}],"author":[{"embeddable":true,"href":"https:\/\/godojo.ro\/index.php\/wp-json\/wp\/v2\/users\/1"}],"replies":[{"embeddable":true,"href":"https:\/\/godojo.ro\/index.php\/wp-json\/wp\/v2\/comments?post=214"}],"version-history":[{"count":7,"href":"https:\/\/godojo.ro\/index.php\/wp-json\/wp\/v2\/pages\/214\/revisions"}],"predecessor-version":[{"id":494,"href":"https:\/\/godojo.ro\/index.php\/wp-json\/wp\/v2\/pages\/214\/revisions\/494"}],"wp:featuredmedia":[{"embeddable":true,"href":"https:\/\/godojo.ro\/index.php\/wp-json\/wp\/v2\/media\/443"}],"wp:attachment":[{"href":"https:\/\/godojo.ro\/index.php\/wp-json\/wp\/v2\/media?parent=214"}],"curies":[{"name":"wp","href":"https:\/\/api.w.org\/{rel}","templated":true}]}}