{"id":200,"date":"2025-12-05T12:02:18","date_gmt":"2025-12-05T10:02:18","guid":{"rendered":"https:\/\/godojo.ro\/?page_id=200"},"modified":"2025-12-06T10:46:43","modified_gmt":"2025-12-06T08:46:43","slug":"go-si-dezvoltarea-personala","status":"publish","type":"page","link":"https:\/\/godojo.ro\/index.php\/go-si-dezvoltarea-personala\/","title":{"rendered":"Go \u0219i dezvoltarea personal\u0103"},"content":{"rendered":"\n<p style=\"font-size:16px\"><br><em>\u00cenv\u0103\u021barea Go-ului este o cale a maturiz\u0103rii interioare: pa\u0219i mici, reveniri, ajust\u0103ri \u0219i momente \u00een care devine clar ce te sus\u021bine \u0219i ce te blocheaz\u0103. Jocul invit\u0103 la r\u0103bdare, flexibilitate \u0219i auto\u00een\u021belegere, f\u0103r\u0103 presiunea performan\u021bei. \u00cen ritmul lui calm, descoperi un mod diferit de a fi cu tine: curios, deschis \u0219i dispus s\u0103 cre\u0219ti \u00een propriul t\u0103u tempo.<\/em><\/p>\n\n\n<ul class=\"wp-block-latest-posts__list has-dates has-author alignleft wp-block-latest-posts\"><li><a class=\"wp-block-latest-posts__post-title\" href=\"https:\/\/godojo.ro\/index.php\/2025\/12\/05\/adaptabilitate-cum-go-ul-te-invata-sa-nu-ramai-agatat\/\">Adaptabilitate: cum Go-ul te \u00eenva\u021b\u0103 s\u0103 nu r\u0103m\u00e2i ag\u0103\u021bat<\/a><div class=\"wp-block-latest-posts__post-author\">by admin<\/div><time datetime=\"2025-12-05T15:36:24+02:00\" class=\"wp-block-latest-posts__post-date\">December 5, 2025<\/time><div class=\"wp-block-latest-posts__post-excerpt\">Exist\u0103 momente \u00een Go \u00een care intri \u00eentr-o partid\u0103 cu un plan limpede. Ai o direc\u021bie, o intui\u021bie, o secven\u021b\u0103 care pare s\u0103 se lege firesc. Sim\u021bi c\u0103 pozi\u021bia \u00ee\u021bi apar\u021bine \u0219i c\u0103 jocul curge \u00een sensul pe care l-ai anticipat. Apoi, \u00eentr-o singur\u0103 mutare, ceva se schimb\u0103. Adversarul rupe &hellip; <p class=\"link-more\"><a href=\"https:\/\/godojo.ro\/index.php\/2025\/12\/05\/adaptabilitate-cum-go-ul-te-invata-sa-nu-ramai-agatat\/\" class=\"more-link\">Continue reading<span class=\"screen-reader-text\"> &#8220;Adaptabilitate: cum Go-ul te \u00eenva\u021b\u0103 s\u0103 nu r\u0103m\u00e2i ag\u0103\u021bat&#8221;<\/span><\/a><\/p><\/div><\/li>\n<li><a class=\"wp-block-latest-posts__post-title\" href=\"https:\/\/godojo.ro\/index.php\/2025\/12\/05\/go-si-construirea-unui-ritm-interior\/\">Go \u0219i construirea unui ritm interior<\/a><div class=\"wp-block-latest-posts__post-author\">by admin<\/div><time datetime=\"2025-12-05T15:34:16+02:00\" class=\"wp-block-latest-posts__post-date\">December 5, 2025<\/time><div class=\"wp-block-latest-posts__post-excerpt\">\u00cen Go, ritmul nu este o simpl\u0103 succesiune de mut\u0103ri. Este o respira\u021bie a min\u021bii. Fiecare juc\u0103tor poart\u0103 \u00een el un ritm propriu \u2014 felul \u00een care prive\u0219te, \u00een care anticipeaz\u0103, \u00een care \u00ee\u0219i a\u0219teapt\u0103 momentul \u0219i \u00eel las\u0103 s\u0103 vin\u0103. Iar acest ritm nu este doar tehnic. Este psihologic, &hellip; <p class=\"link-more\"><a href=\"https:\/\/godojo.ro\/index.php\/2025\/12\/05\/go-si-construirea-unui-ritm-interior\/\" class=\"more-link\">Continue reading<span class=\"screen-reader-text\"> &#8220;Go \u0219i construirea unui ritm interior&#8221;<\/span><\/a><\/p><\/div><\/li>\n<li><a class=\"wp-block-latest-posts__post-title\" href=\"https:\/\/godojo.ro\/index.php\/2025\/12\/05\/cum-sa-treci-peste-blocaje-mentale-strategice-emotionale\/\">Cum s\u0103 treci peste blocaje: mentale, strategice, emo\u021bionale<\/a><div class=\"wp-block-latest-posts__post-author\">by admin<\/div><time datetime=\"2025-12-05T15:33:01+02:00\" class=\"wp-block-latest-posts__post-date\">December 5, 2025<\/time><div class=\"wp-block-latest-posts__post-excerpt\">\u00cen Go exist\u0103 un moment pe care to\u021bi juc\u0103torii \u00eel cunosc: te opre\u0219ti. Ai vrea s\u0103 continui, dar nu po\u021bi. Tabla nu se mai deschide, direc\u021biile nu se mai a\u0219az\u0103, formele nu se leag\u0103, iar intui\u021bia pare s\u0103 tac\u0103. Este acel blocaj \u00een care sim\u021bi c\u0103 jocul merge \u00eenainte, dar &hellip; <p class=\"link-more\"><a href=\"https:\/\/godojo.ro\/index.php\/2025\/12\/05\/cum-sa-treci-peste-blocaje-mentale-strategice-emotionale\/\" class=\"more-link\">Continue reading<span class=\"screen-reader-text\"> &#8220;Cum s\u0103 treci peste blocaje: mentale, strategice, emo\u021bionale&#8221;<\/span><\/a><\/p><\/div><\/li>\n<li><a class=\"wp-block-latest-posts__post-title\" href=\"https:\/\/godojo.ro\/index.php\/2025\/12\/05\/lectia-sacrificiului-ce-spune-o-piatra-cedata-despre-tine\/\">Lec\u021bia sacrificiului: ce spune o piatr\u0103 cedat\u0103 despre tine?<\/a><div class=\"wp-block-latest-posts__post-author\">by admin<\/div><time datetime=\"2025-12-05T15:32:05+02:00\" class=\"wp-block-latest-posts__post-date\">December 5, 2025<\/time><div class=\"wp-block-latest-posts__post-excerpt\">Mai jos este versiunea restructurat\u0103 \u00een acela\u0219i format ca articolele precedente: subtitluri clare, separatoare &#8212; \u00eentre sec\u021biuni \u0219i f\u0103r\u0103 separator \u00eenainte de semn\u0103tur\u0103, preg\u0103tit\u0103 pentru copy\u2013paste \u00een WordPress. Lec\u021bia sacrificiului: ce spune o piatr\u0103 cedat\u0103 despre tine? \u00cen Go, sacrificiul nu este o pierdere. Este o decizie. Un act de &hellip; <p class=\"link-more\"><a href=\"https:\/\/godojo.ro\/index.php\/2025\/12\/05\/lectia-sacrificiului-ce-spune-o-piatra-cedata-despre-tine\/\" class=\"more-link\">Continue reading<span class=\"screen-reader-text\"> &#8220;Lec\u021bia sacrificiului: ce spune o piatr\u0103 cedat\u0103 despre tine?&#8221;<\/span><\/a><\/p><\/div><\/li>\n<li><a class=\"wp-block-latest-posts__post-title\" href=\"https:\/\/godojo.ro\/index.php\/2025\/12\/05\/rabdarea-ca-forma-de-inteligenta\/\">R\u0103bdarea ca form\u0103 de inteligen\u021b\u0103<\/a><div class=\"wp-block-latest-posts__post-author\">by admin<\/div><time datetime=\"2025-12-05T15:30:57+02:00\" class=\"wp-block-latest-posts__post-date\">December 5, 2025<\/time><div class=\"wp-block-latest-posts__post-excerpt\">\u00cen Go, r\u0103bdarea nu este o virtute decorativ\u0103 \u0219i nici o abilitate pasiv\u0103. Este o form\u0103 de inteligen\u021b\u0103 \u2014 una dintre cele mai subtile \u0219i mai greu de \u00eenv\u0103\u021bat. Nu \u00eenseamn\u0103 s\u0103 a\u0219tep\u021bi f\u0103r\u0103 s\u0103 te mi\u0219ti, ci s\u0103 r\u0103m\u00e2i prezent f\u0103r\u0103 s\u0103 te gr\u0103be\u0219ti, s\u0103 la\u0219i tabloul s\u0103 se &hellip; <p class=\"link-more\"><a href=\"https:\/\/godojo.ro\/index.php\/2025\/12\/05\/rabdarea-ca-forma-de-inteligenta\/\" class=\"more-link\">Continue reading<span class=\"screen-reader-text\"> &#8220;R\u0103bdarea ca form\u0103 de inteligen\u021b\u0103&#8221;<\/span><\/a><\/p><\/div><\/li>\n<li><a class=\"wp-block-latest-posts__post-title\" href=\"https:\/\/godojo.ro\/index.php\/2025\/12\/05\/de-ce-invatarea-go-ului-este-un-proces-de-maturizare\/\">De ce \u00eenv\u0103\u021barea Go-ului este un proces de maturizare<\/a><div class=\"wp-block-latest-posts__post-author\">by admin<\/div><time datetime=\"2025-12-05T14:56:34+02:00\" class=\"wp-block-latest-posts__post-date\">December 5, 2025<\/time><div class=\"wp-block-latest-posts__post-excerpt\">Pentru mul\u021bi juc\u0103tori, \u00eenceputul \u00een Go este o surpriz\u0103: porne\u0219ti cu impresia c\u0103 \u00eenve\u021bi un joc, dar descoperi treptat c\u0103 \u00eenve\u021bi, de fapt, ceva despre tine. Go-ul nu este doar tehnic\u0103 \u0219i strategie. Este o form\u0103 subtil\u0103 de maturizare psihologic\u0103. Fiecare mutare, fiecare ezitare, fiecare victorie \u0219i fiecare pierdere \u00ee\u021bi &hellip; <p class=\"link-more\"><a href=\"https:\/\/godojo.ro\/index.php\/2025\/12\/05\/de-ce-invatarea-go-ului-este-un-proces-de-maturizare\/\" class=\"more-link\">Continue reading<span class=\"screen-reader-text\"> &#8220;De ce \u00eenv\u0103\u021barea Go-ului este un proces de maturizare&#8221;<\/span><\/a><\/p><\/div><\/li>\n<\/ul>","protected":false},"excerpt":{"rendered":"<p>\u00cenv\u0103\u021barea Go-ului este o cale a maturiz\u0103rii interioare: pa\u0219i mici, reveniri, ajust\u0103ri \u0219i momente \u00een care devine clar ce te sus\u021bine \u0219i ce te blocheaz\u0103. Jocul invit\u0103 la r\u0103bdare, flexibilitate \u0219i auto\u00een\u021belegere, f\u0103r\u0103 presiunea performan\u021bei. \u00cen ritmul lui calm, descoperi un mod diferit de a fi cu tine: curios, deschis \u0219i dispus s\u0103 cre\u0219ti \u00een &hellip; <\/p>\n<p class=\"link-more\"><a href=\"https:\/\/godojo.ro\/index.php\/go-si-dezvoltarea-personala\/\" class=\"more-link\">Continue reading<span class=\"screen-reader-text\"> &#8220;Go \u0219i dezvoltarea personal\u0103&#8221;<\/span><\/a><\/p>\n","protected":false},"author":1,"featured_media":443,"parent":0,"menu_order":0,"comment_status":"closed","ping_status":"closed","template":"","meta":{"footnotes":""},"class_list":["post-200","page","type-page","status-publish","has-post-thumbnail","hentry"],"_links":{"self":[{"href":"https:\/\/godojo.ro\/index.php\/wp-json\/wp\/v2\/pages\/200","targetHints":{"allow":["GET"]}}],"collection":[{"href":"https:\/\/godojo.ro\/index.php\/wp-json\/wp\/v2\/pages"}],"about":[{"href":"https:\/\/godojo.ro\/index.php\/wp-json\/wp\/v2\/types\/page"}],"author":[{"embeddable":true,"href":"https:\/\/godojo.ro\/index.php\/wp-json\/wp\/v2\/users\/1"}],"replies":[{"embeddable":true,"href":"https:\/\/godojo.ro\/index.php\/wp-json\/wp\/v2\/comments?post=200"}],"version-history":[{"count":11,"href":"https:\/\/godojo.ro\/index.php\/wp-json\/wp\/v2\/pages\/200\/revisions"}],"predecessor-version":[{"id":491,"href":"https:\/\/godojo.ro\/index.php\/wp-json\/wp\/v2\/pages\/200\/revisions\/491"}],"wp:featuredmedia":[{"embeddable":true,"href":"https:\/\/godojo.ro\/index.php\/wp-json\/wp\/v2\/media\/443"}],"wp:attachment":[{"href":"https:\/\/godojo.ro\/index.php\/wp-json\/wp\/v2\/media?parent=200"}],"curies":[{"name":"wp","href":"https:\/\/api.w.org\/{rel}","templated":true}]}}