{"id":18,"date":"2025-12-03T21:43:56","date_gmt":"2025-12-03T21:43:56","guid":{"rendered":"https:\/\/godojo.ro\/?page_id=18"},"modified":"2025-12-09T16:20:58","modified_gmt":"2025-12-09T14:20:58","slug":"home","status":"publish","type":"page","link":"https:\/\/godojo.ro\/","title":{"rendered":"Bine ai venit!"},"content":{"rendered":"\n<div class=\"wp-block-group\"><div class=\"wp-block-group__inner-container is-layout-constrained wp-block-group-is-layout-constrained\">\n<h2 class=\"wp-block-heading\">Go Dojo \u7881\u9053\u5834 &#8211; Locul \u00een care Go-ul devine Cale<\/h2>\n<\/div><\/div>\n\n\n\n<p><strong>ACS Go Dojo<\/strong> este o asocia\u021bie dedicat\u0103 studiului, promov\u0103rii \u0219i practicii jocului de Go \u00een Rom\u00e2nia.<\/p>\n\n\n\n<p>\u00cembin\u0103m tradi\u021bia unui joc de peste trei milenii cu perspective moderne din psihologie, educa\u021bie \u0219i dezvoltare personal\u0103, pentru a crea un spa\u021biu \u00een care mintea se a\u0219az\u0103, \u00eenva\u021b\u0103 \u0219i cre\u0219te cu r\u0103bdare.<\/p>\n\n\n\n<p>Prin proiectele noastre \u2014 de la ini\u021bieri pentru \u00eencep\u0103tori, p\u00e2n\u0103 la programe dedicate profesioni\u0219tilor din domeniul s\u0103n\u0103t\u0103\u021bii mintale \u2014 ne propunem s\u0103 facem Go-ul accesibil tuturor celor care caut\u0103 claritate, echilibru \u0219i un mod diferit de a privi lumea.<\/p>\n\n\n\n<p>Aici este punctul de plecare.<\/p>\n\n\n\n<p>O piatr\u0103. O respira\u021bie. O alegere.<\/p>\n\n\n\n<p><strong>Master the mind. Play Go.<\/strong><\/p>\n","protected":false},"excerpt":{"rendered":"<p>Go Dojo \u7881\u9053\u5834 &#8211; Locul \u00een care Go-ul devine Cale ACS Go Dojo este o asocia\u021bie dedicat\u0103 studiului, promov\u0103rii \u0219i practicii jocului de Go \u00een Rom\u00e2nia. \u00cembin\u0103m tradi\u021bia unui joc de peste trei milenii cu perspective moderne din psihologie, educa\u021bie \u0219i dezvoltare personal\u0103, pentru a crea un spa\u021biu \u00een care mintea se a\u0219az\u0103, \u00eenva\u021b\u0103 \u0219i &hellip; <\/p>\n<p class=\"link-more\"><a href=\"https:\/\/godojo.ro\/\" class=\"more-link\">Continue reading<span class=\"screen-reader-text\"> &#8220;Bine ai venit!&#8221;<\/span><\/a><\/p>\n","protected":false},"author":1,"featured_media":0,"parent":0,"menu_order":0,"comment_status":"closed","ping_status":"closed","template":"","meta":{"footnotes":""},"class_list":["post-18","page","type-page","status-publish","hentry"],"_links":{"self":[{"href":"https:\/\/godojo.ro\/index.php\/wp-json\/wp\/v2\/pages\/18","targetHints":{"allow":["GET"]}}],"collection":[{"href":"https:\/\/godojo.ro\/index.php\/wp-json\/wp\/v2\/pages"}],"about":[{"href":"https:\/\/godojo.ro\/index.php\/wp-json\/wp\/v2\/types\/page"}],"author":[{"embeddable":true,"href":"https:\/\/godojo.ro\/index.php\/wp-json\/wp\/v2\/users\/1"}],"replies":[{"embeddable":true,"href":"https:\/\/godojo.ro\/index.php\/wp-json\/wp\/v2\/comments?post=18"}],"version-history":[{"count":9,"href":"https:\/\/godojo.ro\/index.php\/wp-json\/wp\/v2\/pages\/18\/revisions"}],"predecessor-version":[{"id":666,"href":"https:\/\/godojo.ro\/index.php\/wp-json\/wp\/v2\/pages\/18\/revisions\/666"}],"wp:attachment":[{"href":"https:\/\/godojo.ro\/index.php\/wp-json\/wp\/v2\/media?parent=18"}],"curies":[{"name":"wp","href":"https:\/\/api.w.org\/{rel}","templated":true}]}}